{"id":138,"date":"2024-08-30T17:25:47","date_gmt":"2024-08-30T17:25:47","guid":{"rendered":"https:\/\/destaquevagasmais.com.br\/?page_id=138"},"modified":"2024-08-30T17:25:47","modified_gmt":"2024-08-30T17:25:47","slug":"about-us","status":"publish","type":"page","link":"https:\/\/destaquevagasmais.com.br\/pt\/about-us\/","title":{"rendered":"Sobre n\u00f3s"},"content":{"rendered":"<div class=\"mx-5 sm:mx-0 prose leading-relaxed text-lg mb-5 text-left wp-paragraph\">\n<p>Na Destaque Vagas Mais, acreditamos que cada dia traz uma nova oportunidade de progredir na carreira e atingir novos patamares de sucesso profissional. Nosso blog \u00e9 seu recurso de refer\u00eancia para tudo relacionado ao mercado de trabalho, crescimento profissional e estrat\u00e9gias para ter sucesso em um ambiente competitivo. Estamos dedicados a fornecer os insights mais recentes e conselhos pr\u00e1ticos para ajudar voc\u00ea a trilhar seu caminho profissional e se destacar.<\/p>\n<\/div><!--advertisement--><div class=\"mx-5 sm:mx-0 sm:text-3xl text-2xl font-medium title-font mb-4 text-gray-900 text-left\">\n<h2 class=\"wp-block-heading\"><strong>Quem somos<\/strong><\/h2>\n<\/div><div class=\"mx-5 sm:mx-0 prose leading-relaxed text-lg mb-5 text-left wp-paragraph\">\n<p>Destaque Vagas Mais \u00e9 uma plataforma dedicada ao mundo do trabalho, com uma equipe comprometida em entregar conte\u00fado valioso e de alta qualidade aos nossos leitores. Com foco nas tend\u00eancias globais do mercado de trabalho, nossa equipe \u00e9 composta por especialistas em recursos humanos, coaching de carreira e desenvolvimento profissional. Trabalhamos diligentemente todos os dias para trazer a voc\u00ea artigos, guias e an\u00e1lises aprofundadas que o equipam com o conhecimento e as ferramentas de que voc\u00ea precisa para prosperar em sua carreira.<\/p>\n<\/div><!--advertisement--><div class=\"mx-5 sm:mx-0 sm:text-3xl text-2xl font-medium title-font mb-4 text-gray-900 text-left\">\n<h2 class=\"wp-block-heading\"><strong>Ajude-nos a melhorar<\/strong><\/h2>\n<\/div><div class=\"mx-5 sm:mx-0 prose leading-relaxed text-lg mb-5 text-left wp-paragraph\">\n<p>No Destaque Vagas Mais, valorizamos muito o feedback dos nossos leitores. Suas opini\u00f5es s\u00e3o vitais para nossa melhoria cont\u00ednua e nossa capacidade de oferecer o melhor conte\u00fado poss\u00edvel. Se voc\u00ea tiver sugest\u00f5es, cr\u00edticas ou ideias para t\u00f3picos que gostaria de ver abordados em nosso blog, entre em contato conosco em <a style=\" color:;\" href=\"https:\/\/destaquevagasmais.com.br\/pt\/contact\/\">https:\/\/destaquevagasmais.com.br\/contact\/<\/a>Estamos ansiosos para ouvir voc\u00ea e tornar nosso conte\u00fado ainda mais relevante para suas necessidades!<\/p>\n<\/div>","protected":false},"excerpt":{"rendered":"<p>Na Destaque Vagas Mais, acreditamos que cada dia traz uma nova oportunidade de progredir na carreira e atingir novos patamares de sucesso profissional. Nosso blog \u00e9 seu recurso de refer\u00eancia para tudo relacionado ao mercado de trabalho, crescimento profissional e estrat\u00e9gias para ter sucesso em um ambiente competitivo. Estamos dedicados a fornecer a voc\u00ea o\u2026 <a class=\"more-link\" href=\"https:\/\/destaquevagasmais.com.br\/pt\/about-us\/\">Continuar lendo <span class=\"screen-reader-text\">Sobre n\u00f3s<\/span><\/a><\/p>","protected":false},"author":5,"featured_media":0,"parent":0,"menu_order":0,"comment_status":"closed","ping_status":"closed","template":"","meta":{"footnotes":""},"yoast_head":"<!-- This site is optimized with the Yoast SEO plugin v23.3 - https:\/\/yoast.com\/wordpress\/plugins\/seo\/ -->\n<title>About Us - Destaque Vagas Mais<\/title>\n<meta name=\"robots\" content=\"index, follow, max-snippet:-1, max-image-preview:large, max-video-preview:-1\" \/>\n<link rel=\"canonical\" href=\"https:\/\/destaquevagasmais.com.br\/pt\/about-us\/\" \/>\n<meta property=\"og:locale\" content=\"pt_BR\" \/>\n<meta property=\"og:type\" content=\"article\" \/>\n<meta property=\"og:title\" content=\"About Us - Destaque Vagas Mais\" \/>\n<meta property=\"og:description\" content=\"At Destaque Vagas Mais, we believe that each day brings a fresh opportunity to advance in your career and reach new heights of professional success. Our blog is your go-to resource for everything related to the job market, career growth, and strategies to succeed in a competitive environment. We&#8217;re dedicated to providing you with the&hellip; Continue reading About Us\" \/>\n<meta property=\"og:url\" content=\"https:\/\/destaquevagasmais.com.br\/pt\/about-us\/\" \/>\n<meta property=\"og:site_name\" content=\"Destaque Vagas Mais\" \/>\n<meta name=\"twitter:card\" content=\"summary_large_image\" \/>\n<meta name=\"twitter:label1\" content=\"Est. reading time\" \/>\n\t<meta name=\"twitter:data1\" content=\"1 minuto\" \/>\n<script type=\"application\/ld+json\" class=\"yoast-schema-graph\">{\"@context\":\"https:\/\/schema.org\",\"@graph\":[{\"@type\":\"WebPage\",\"@id\":\"https:\/\/destaquevagasmais.com.br\/about-us\/\",\"url\":\"https:\/\/destaquevagasmais.com.br\/about-us\/\",\"name\":\"About Us - Destaque Vagas Mais\",\"isPartOf\":{\"@id\":\"https:\/\/destaquevagasmais.com.br\/#website\"},\"datePublished\":\"2024-08-30T17:25:47+00:00\",\"dateModified\":\"2024-08-30T17:25:47+00:00\",\"breadcrumb\":{\"@id\":\"https:\/\/destaquevagasmais.com.br\/about-us\/#breadcrumb\"},\"inLanguage\":\"pt-BR\",\"potentialAction\":[{\"@type\":\"ReadAction\",\"target\":[\"https:\/\/destaquevagasmais.com.br\/about-us\/\"]}]},{\"@type\":\"BreadcrumbList\",\"@id\":\"https:\/\/destaquevagasmais.com.br\/about-us\/#breadcrumb\",\"itemListElement\":[{\"@type\":\"ListItem\",\"position\":1,\"name\":\"Home\",\"item\":\"https:\/\/destaquevagasmais.com.br\/\"},{\"@type\":\"ListItem\",\"position\":2,\"name\":\"About Us\"}]},{\"@type\":\"WebSite\",\"@id\":\"https:\/\/destaquevagasmais.com.br\/#website\",\"url\":\"https:\/\/destaquevagasmais.com.br\/\",\"name\":\"Destaque Vagas Mais\",\"description\":\"\",\"potentialAction\":[{\"@type\":\"SearchAction\",\"target\":{\"@type\":\"EntryPoint\",\"urlTemplate\":\"https:\/\/destaquevagasmais.com.br\/?s={search_term_string}\"},\"query-input\":\"required name=search_term_string\"}],\"inLanguage\":\"pt-BR\"}]}<\/script>\n<!-- \/ Yoast SEO plugin. -->","yoast_head_json":{"title":"About Us - Destaque Vagas Mais","robots":{"index":"index","follow":"follow","max-snippet":"max-snippet:-1","max-image-preview":"max-image-preview:large","max-video-preview":"max-video-preview:-1"},"canonical":"https:\/\/destaquevagasmais.com.br\/pt\/about-us\/","og_locale":"pt_BR","og_type":"article","og_title":"About Us - Destaque Vagas Mais","og_description":"At Destaque Vagas Mais, we believe that each day brings a fresh opportunity to advance in your career and reach new heights of professional success. Our blog is your go-to resource for everything related to the job market, career growth, and strategies to succeed in a competitive environment. We&#8217;re dedicated to providing you with the&hellip; Continue reading About Us","og_url":"https:\/\/destaquevagasmais.com.br\/pt\/about-us\/","og_site_name":"Destaque Vagas Mais","twitter_card":"summary_large_image","twitter_misc":{"Est. reading time":"1 minuto"},"schema":{"@context":"https:\/\/schema.org","@graph":[{"@type":"WebPage","@id":"https:\/\/destaquevagasmais.com.br\/about-us\/","url":"https:\/\/destaquevagasmais.com.br\/about-us\/","name":"About Us - Destaque Vagas Mais","isPartOf":{"@id":"https:\/\/destaquevagasmais.com.br\/#website"},"datePublished":"2024-08-30T17:25:47+00:00","dateModified":"2024-08-30T17:25:47+00:00","breadcrumb":{"@id":"https:\/\/destaquevagasmais.com.br\/about-us\/#breadcrumb"},"inLanguage":"pt-BR","potentialAction":[{"@type":"ReadAction","target":["https:\/\/destaquevagasmais.com.br\/about-us\/"]}]},{"@type":"BreadcrumbList","@id":"https:\/\/destaquevagasmais.com.br\/about-us\/#breadcrumb","itemListElement":[{"@type":"ListItem","position":1,"name":"Home","item":"https:\/\/destaquevagasmais.com.br\/"},{"@type":"ListItem","position":2,"name":"About Us"}]},{"@type":"WebSite","@id":"https:\/\/destaquevagasmais.com.br\/#website","url":"https:\/\/destaquevagasmais.com.br\/","name":"Destaque Vagas Mais","description":"","potentialAction":[{"@type":"SearchAction","target":{"@type":"EntryPoint","urlTemplate":"https:\/\/destaquevagasmais.com.br\/?s={search_term_string}"},"query-input":"required name=search_term_string"}],"inLanguage":"pt-BR"}]}},"_links":{"self":[{"href":"https:\/\/destaquevagasmais.com.br\/pt\/wp-json\/wp\/v2\/pages\/138"}],"collection":[{"href":"https:\/\/destaquevagasmais.com.br\/pt\/wp-json\/wp\/v2\/pages"}],"about":[{"href":"https:\/\/destaquevagasmais.com.br\/pt\/wp-json\/wp\/v2\/types\/page"}],"author":[{"embeddable":true,"href":"https:\/\/destaquevagasmais.com.br\/pt\/wp-json\/wp\/v2\/users\/5"}],"replies":[{"embeddable":true,"href":"https:\/\/destaquevagasmais.com.br\/pt\/wp-json\/wp\/v2\/comments?post=138"}],"version-history":[{"count":1,"href":"https:\/\/destaquevagasmais.com.br\/pt\/wp-json\/wp\/v2\/pages\/138\/revisions"}],"predecessor-version":[{"id":139,"href":"https:\/\/destaquevagasmais.com.br\/pt\/wp-json\/wp\/v2\/pages\/138\/revisions\/139"}],"wp:attachment":[{"href":"https:\/\/destaquevagasmais.com.br\/pt\/wp-json\/wp\/v2\/media?parent=138"}],"curies":[{"name":"wp","href":"https:\/\/api.w.org\/{rel}","templated":true}]}}