{"id":138,"date":"2024-08-30T17:25:47","date_gmt":"2024-08-30T17:25:47","guid":{"rendered":"https:\/\/destaquevagasmais.com.br\/?page_id=138"},"modified":"2024-08-30T17:25:47","modified_gmt":"2024-08-30T17:25:47","slug":"about-us","status":"publish","type":"page","link":"https:\/\/destaquevagasmais.com.br\/es\/about-us\/","title":{"rendered":"Sobre nosotros"},"content":{"rendered":"<div class=\"mx-5 sm:mx-0 prose leading-relaxed text-lg mb-5 text-left wp-paragraph\">\n<p>En Destaque Vagas Mais, creemos que cada d\u00eda trae una nueva oportunidad para avanzar en tu carrera y alcanzar nuevas cotas de \u00e9xito profesional. Nuestro blog es tu recurso de referencia para todo lo relacionado con el mercado laboral, el crecimiento profesional y las estrategias para triunfar en un entorno competitivo. Nos dedicamos a brindarte los \u00faltimos conocimientos y consejos pr\u00e1cticos para ayudarte a forjar tu camino profesional y destacar.<\/p>\n<\/div><!--advertisement--><div class=\"mx-5 sm:mx-0 sm:text-3xl text-2xl font-medium title-font mb-4 text-gray-900 text-left\">\n<h2 class=\"wp-block-heading\"><strong>Quienes somos<\/strong><\/h2>\n<\/div><div class=\"mx-5 sm:mx-0 prose leading-relaxed text-lg mb-5 text-left wp-paragraph\">\n<p>Destaque Vagas Mais es una plataforma dedicada al mundo laboral, con un equipo comprometido a brindar contenido valioso y de alta calidad a nuestros lectores. Con un enfoque claro en las tendencias del mercado laboral mundial, nuestro equipo est\u00e1 formado por expertos en recursos humanos, orientaci\u00f3n profesional y desarrollo profesional. Trabajamos diligentemente todos los d\u00edas para brindarte art\u00edculos, gu\u00edas y an\u00e1lisis en profundidad que te brinden el conocimiento y las herramientas que necesitas para prosperar en tu carrera.<\/p>\n<\/div><!--advertisement--><div class=\"mx-5 sm:mx-0 sm:text-3xl text-2xl font-medium title-font mb-4 text-gray-900 text-left\">\n<h2 class=\"wp-block-heading\"><strong>Ay\u00fadanos a mejorar<\/strong><\/h2>\n<\/div><div class=\"mx-5 sm:mx-0 prose leading-relaxed text-lg mb-5 text-left wp-paragraph\">\n<p>En Destaque Vagas Mais, valoramos mucho los comentarios de nuestros lectores. Sus opiniones son vitales para nuestra mejora continua y nuestra capacidad de ofrecer el mejor contenido posible. Si tiene sugerencias, cr\u00edticas o ideas sobre temas que le gustar\u00eda que se cubrieran en nuestro blog, comun\u00edquese con nosotros a <a style=\" color:;\" href=\"https:\/\/destaquevagasmais.com.br\/es\/contact\/\">https:\/\/destaquevagasmais.com.br\/contact\/<\/a>\u00a1Estamos ansiosos por saber de usted y hacer que nuestro contenido sea a\u00fan m\u00e1s relevante para sus necesidades!<\/p>\n<\/div>","protected":false},"excerpt":{"rendered":"<p>En Destaque Vagas Mais, creemos que cada d\u00eda trae una nueva oportunidad para avanzar en su carrera y alcanzar nuevas cotas de \u00e9xito profesional. Nuestro blog es su recurso de referencia para todo lo relacionado con el mercado laboral, el crecimiento profesional y las estrategias para triunfar en un entorno competitivo. Nos dedicamos a brindarle\u2026 <a class=\"more-link\" href=\"https:\/\/destaquevagasmais.com.br\/es\/about-us\/\">Sigue leyendo <span class=\"screen-reader-text\">Sobre nosotros<\/span><\/a><\/p>","protected":false},"author":5,"featured_media":0,"parent":0,"menu_order":0,"comment_status":"closed","ping_status":"closed","template":"","meta":{"footnotes":""},"yoast_head":"<!-- This site is optimized with the Yoast SEO plugin v23.3 - https:\/\/yoast.com\/wordpress\/plugins\/seo\/ -->\n<title>About Us - Destaque Vagas Mais<\/title>\n<meta name=\"robots\" content=\"index, follow, max-snippet:-1, max-image-preview:large, max-video-preview:-1\" \/>\n<link rel=\"canonical\" href=\"https:\/\/destaquevagasmais.com.br\/es\/about-us\/\" \/>\n<meta property=\"og:locale\" content=\"es_MX\" \/>\n<meta property=\"og:type\" content=\"article\" \/>\n<meta property=\"og:title\" content=\"About Us - Destaque Vagas Mais\" \/>\n<meta property=\"og:description\" content=\"At Destaque Vagas Mais, we believe that each day brings a fresh opportunity to advance in your career and reach new heights of professional success. Our blog is your go-to resource for everything related to the job market, career growth, and strategies to succeed in a competitive environment. We&#8217;re dedicated to providing you with the&hellip; Continue reading About Us\" \/>\n<meta property=\"og:url\" content=\"https:\/\/destaquevagasmais.com.br\/es\/about-us\/\" \/>\n<meta property=\"og:site_name\" content=\"Destaque Vagas Mais\" \/>\n<meta name=\"twitter:card\" content=\"summary_large_image\" \/>\n<meta name=\"twitter:label1\" content=\"Est. reading time\" \/>\n\t<meta name=\"twitter:data1\" content=\"1 minuto\" \/>\n<script type=\"application\/ld+json\" class=\"yoast-schema-graph\">{\"@context\":\"https:\/\/schema.org\",\"@graph\":[{\"@type\":\"WebPage\",\"@id\":\"https:\/\/destaquevagasmais.com.br\/about-us\/\",\"url\":\"https:\/\/destaquevagasmais.com.br\/about-us\/\",\"name\":\"About Us - Destaque Vagas Mais\",\"isPartOf\":{\"@id\":\"https:\/\/destaquevagasmais.com.br\/#website\"},\"datePublished\":\"2024-08-30T17:25:47+00:00\",\"dateModified\":\"2024-08-30T17:25:47+00:00\",\"breadcrumb\":{\"@id\":\"https:\/\/destaquevagasmais.com.br\/about-us\/#breadcrumb\"},\"inLanguage\":\"es-MX\",\"potentialAction\":[{\"@type\":\"ReadAction\",\"target\":[\"https:\/\/destaquevagasmais.com.br\/about-us\/\"]}]},{\"@type\":\"BreadcrumbList\",\"@id\":\"https:\/\/destaquevagasmais.com.br\/about-us\/#breadcrumb\",\"itemListElement\":[{\"@type\":\"ListItem\",\"position\":1,\"name\":\"Home\",\"item\":\"https:\/\/destaquevagasmais.com.br\/\"},{\"@type\":\"ListItem\",\"position\":2,\"name\":\"About Us\"}]},{\"@type\":\"WebSite\",\"@id\":\"https:\/\/destaquevagasmais.com.br\/#website\",\"url\":\"https:\/\/destaquevagasmais.com.br\/\",\"name\":\"Destaque Vagas Mais\",\"description\":\"\",\"potentialAction\":[{\"@type\":\"SearchAction\",\"target\":{\"@type\":\"EntryPoint\",\"urlTemplate\":\"https:\/\/destaquevagasmais.com.br\/?s={search_term_string}\"},\"query-input\":\"required name=search_term_string\"}],\"inLanguage\":\"es-MX\"}]}<\/script>\n<!-- \/ Yoast SEO plugin. -->","yoast_head_json":{"title":"About Us - Destaque Vagas Mais","robots":{"index":"index","follow":"follow","max-snippet":"max-snippet:-1","max-image-preview":"max-image-preview:large","max-video-preview":"max-video-preview:-1"},"canonical":"https:\/\/destaquevagasmais.com.br\/es\/about-us\/","og_locale":"es_MX","og_type":"article","og_title":"About Us - Destaque Vagas Mais","og_description":"At Destaque Vagas Mais, we believe that each day brings a fresh opportunity to advance in your career and reach new heights of professional success. Our blog is your go-to resource for everything related to the job market, career growth, and strategies to succeed in a competitive environment. We&#8217;re dedicated to providing you with the&hellip; Continue reading About Us","og_url":"https:\/\/destaquevagasmais.com.br\/es\/about-us\/","og_site_name":"Destaque Vagas Mais","twitter_card":"summary_large_image","twitter_misc":{"Est. reading time":"1 minuto"},"schema":{"@context":"https:\/\/schema.org","@graph":[{"@type":"WebPage","@id":"https:\/\/destaquevagasmais.com.br\/about-us\/","url":"https:\/\/destaquevagasmais.com.br\/about-us\/","name":"About Us - Destaque Vagas Mais","isPartOf":{"@id":"https:\/\/destaquevagasmais.com.br\/#website"},"datePublished":"2024-08-30T17:25:47+00:00","dateModified":"2024-08-30T17:25:47+00:00","breadcrumb":{"@id":"https:\/\/destaquevagasmais.com.br\/about-us\/#breadcrumb"},"inLanguage":"es-MX","potentialAction":[{"@type":"ReadAction","target":["https:\/\/destaquevagasmais.com.br\/about-us\/"]}]},{"@type":"BreadcrumbList","@id":"https:\/\/destaquevagasmais.com.br\/about-us\/#breadcrumb","itemListElement":[{"@type":"ListItem","position":1,"name":"Home","item":"https:\/\/destaquevagasmais.com.br\/"},{"@type":"ListItem","position":2,"name":"About Us"}]},{"@type":"WebSite","@id":"https:\/\/destaquevagasmais.com.br\/#website","url":"https:\/\/destaquevagasmais.com.br\/","name":"Destaque Vagas Mais","description":"","potentialAction":[{"@type":"SearchAction","target":{"@type":"EntryPoint","urlTemplate":"https:\/\/destaquevagasmais.com.br\/?s={search_term_string}"},"query-input":"required name=search_term_string"}],"inLanguage":"es-MX"}]}},"_links":{"self":[{"href":"https:\/\/destaquevagasmais.com.br\/es\/wp-json\/wp\/v2\/pages\/138"}],"collection":[{"href":"https:\/\/destaquevagasmais.com.br\/es\/wp-json\/wp\/v2\/pages"}],"about":[{"href":"https:\/\/destaquevagasmais.com.br\/es\/wp-json\/wp\/v2\/types\/page"}],"author":[{"embeddable":true,"href":"https:\/\/destaquevagasmais.com.br\/es\/wp-json\/wp\/v2\/users\/5"}],"replies":[{"embeddable":true,"href":"https:\/\/destaquevagasmais.com.br\/es\/wp-json\/wp\/v2\/comments?post=138"}],"version-history":[{"count":1,"href":"https:\/\/destaquevagasmais.com.br\/es\/wp-json\/wp\/v2\/pages\/138\/revisions"}],"predecessor-version":[{"id":139,"href":"https:\/\/destaquevagasmais.com.br\/es\/wp-json\/wp\/v2\/pages\/138\/revisions\/139"}],"wp:attachment":[{"href":"https:\/\/destaquevagasmais.com.br\/es\/wp-json\/wp\/v2\/media?parent=138"}],"curies":[{"name":"wp","href":"https:\/\/api.w.org\/{rel}","templated":true}]}}